{"id":17,"date":"2007-12-28T12:34:58","date_gmt":"2007-12-28T11:34:58","guid":{"rendered":"http:\/\/elbonia.cent.uji.es\/jordi\/bio-2\/"},"modified":"2018-12-10T13:44:20","modified_gmt":"2018-12-10T12:44:20","slug":"inicio","status":"publish","type":"page","link":"https:\/\/elbonia.cent.uji.es\/jordi\/inicio\/","title":{"rendered":"El autor"},"content":{"rendered":"<p>Bienvenido\/a a mi \u00absitio profesional\u00bb en Internet. Estas p\u00e1ginas son un intento de mantener en un solo lugar publicaciones, v\u00eddeos, blog (irregular), agenda, cosas que quiero tener a mano, etc. Pero vayamos por partes. \u00bfDe qui\u00e9n demonios son est\u00e1s p\u00e1ginas?<\/p>\n<p><img loading=\"lazy\" decoding=\"async\" class=\"wp-image-3375 size-medium aligncenter\" src=\"http:\/\/elbonia.cent.uji.es\/jordi\/wp-content\/uploads\/2018\/12\/jordi-300x300.jpg\" alt=\"Foto de Jordi Adell\" width=\"300\" height=\"300\" srcset=\"https:\/\/elbonia.cent.uji.es\/jordi\/wp-content\/uploads\/2018\/12\/jordi-300x300.jpg 300w, https:\/\/elbonia.cent.uji.es\/jordi\/wp-content\/uploads\/2018\/12\/jordi-150x150.jpg 150w, https:\/\/elbonia.cent.uji.es\/jordi\/wp-content\/uploads\/2018\/12\/jordi.jpg 400w\" sizes=\"auto, (max-width: 300px) 100vw, 300px\" \/><\/p>\n<p>Mi nombre es Jordi Adell Segura (hay varios \u00abJordi Adell\u00bb en la Internet (\u00a1un abrazo, tocayos!), yo soy el de Castell\u00f3n, el de la UJI). Soy doctor en Filosof\u00eda y Ciencias de la Educaci\u00f3n por la <em>Universitat de Val\u00e8ncia<\/em> y profesor titular del \u00c1rea de Did\u00e1ctica y Organizaci\u00f3n Escolar en el <a href=\"http:\/\/www.edu.uji.es\/\" target=\"_blank\" rel=\"noopener\">Departamento de Educaci\u00f3n<\/a> de la <a href=\"http:\/\/www.uji.es\/\">Universitat Jaume I <\/a>(la UJI) en Castell\u00f3n (Espa\u00f1a)(\u00bf<a href=\"http:\/\/maps.google.com\/maps?f=q&amp;hl=ca&amp;geocode=&amp;q=Universidad+Jaume+I,+Castell%C3%B3n&amp;sll=39.992815,-0.064777&amp;sspn=0.010307,0.020492&amp;ie=UTF8&amp;t=h&amp;ll=31.653381,2.109375&amp;spn=137.7038,335.742188&amp;z=2&amp;iwloc=addr\" target=\"_blank\" rel=\"noopener\">d\u00f3nde<\/a>?). Doy clases de varias asignaturas relacionadas con la tecnolog\u00eda educativa.<\/p>\n<p>Tambi\u00e9n dirijo (es un eufemismo) el <a href=\"http:\/\/cent.uji.es\/\">Centre d&#8217;Educaci\u00f3 i Noves Tecnologies (CENT)<\/a> (<em>Centro de Educaci\u00f3n y Nuevas Tecnolog\u00edas<\/em>), un grupo peque\u00f1o de gente sumamente interesante dedicado a la mejora de la calidad de la ense\u00f1anza y el aprendizaje en la UJI mediante la integraci\u00f3n de las nuevas tecnolog\u00edas. He escrito <a title=\"Jordi Adell: Publicaciones\" href=\"http:\/\/elbonia.cent.uji.es\/jordi\/publicaciones\/\" target=\"_blank\" rel=\"noopener\">algunas cosas<\/a> sobre educaci\u00f3n y nuevas tecnolog\u00edas (aunque me arrepiento de algunas).<\/p>\n<p>En el pasado y junto al grupo fundacional del CENT (y alg\u00fan elemento de cuidado, actualmente en otras misiones), particip\u00e9 en la creaci\u00f3n del primer servidor <a title=\"Wikipedia: Gopher\" href=\"http:\/\/es.wikipedia.org\/wiki\/Gopher\" target=\"_blank\" rel=\"noopener\">gopher<\/a> que se instal\u00f3 en Espa\u00f1a y del primer servidor web espa\u00f1ol registrado internacionalmente, all\u00e1 por el 93 (v\u00e9ase el texto <a href=\"http:\/\/elbonia.cent.uji.es\/jordi\/inicio\/arqueologia-digital-los-primeros-servidores-web-de-espana\/\" target=\"_blank\" rel=\"noopener\">Arqueolog\u00eda digital: los primeros servidores web de Espa\u00f1a<\/a>, una peque\u00f1a historia documentada sobre los primeros servidores web espa\u00f1oles). Tambi\u00e9n fui uno de <a href=\"http:\/\/donde.uji.es\/loscinco.html\" target=\"_blank\" rel=\"noopener\">los responsables<\/a> de <a href=\"http:\/\/donde.uji.es\/\">D\u00f3nde?<\/a>, una base de datos sobre recursos Internet que <a href=\"http:\/\/donde.uji.es\/adios_amigos.html\" target=\"_blank\" rel=\"noopener\">feneci\u00f3<\/a> en la primera avalancha de portales comerciales (v\u00e9ase \u00ab<a href=\"http:\/\/donde.uji.es\/themakingof.html\" target=\"_blank\" rel=\"noopener\">C\u00f3mo se hizo d\u00f3nde. Y c\u00f3mo se cerr\u00f3, cu\u00e1ndo, por qu\u00e9, etc.<\/a>\u00bb y <a href=\"http:\/\/elbonia.cent.uji.es\/jordi\/wp-content\/uploads\/donde\/portada_donde.png\" target=\"_blank\" rel=\"noopener\">la pinta que ten\u00eda<\/a>).\u00a0Uso <a href=\"http:\/\/twitter.com\/jordi_a\" target=\"_blank\" rel=\"noopener\">Twitter<\/a> habitualmente (hay que ir al grano \ud83d\ude42 ) y tengo una estupenda colecci\u00f3n de amigos que me proporcionan informaci\u00f3n, ayuda, etc. cuando me hace falta.<\/p>\n<p>El a\u00f1o pasado di unas cuantas conferencias sobre educaci\u00f3n y nuevas tecnolog\u00edas (alguna est\u00e1 en <a href=\"http:\/\/elbonia.cent.uji.es\/jordi\/videos\/\" target=\"_blank\" rel=\"noopener\">v\u00eddeo<\/a>). Si a ello unimos las clases y la direcci\u00f3n del CENT, el resultado es una agenda realmente muy llena que me impide aceptar todas las invitaciones (de verdad que lo siento).<\/p>\n<p><strong>Datos de contacto: <\/strong><\/p>\n<p>Mi direcci\u00f3n de correo electr\u00f3nico:<br \/>\n\u00abjordi(arroba)uji.es\u00bb.<\/p>\n<p>Mi direcci\u00f3n postal:<\/p>\n<p>Jordi Adell<br \/>\nCentro de Educaci\u00f3n y Nuevas Tecnolog\u00edas,<br \/>\nUniversitat Jaume I,<br \/>\n12071 Castell\u00f3n de la Plana (ES)<\/p>\n<p>Anteriores p\u00e1ginas personales (v\u00eda WayBack Machine): <a href=\"http:\/\/web.archive.org\/web\/19990225152729\/nti.uji.es\/~jordi\/\" target=\"_blank\" rel=\"noopener\">1999<\/a>, <a href=\"http:\/\/web.archive.org\/web\/20010424142745\/nti.uji.es\/~jordi\/\" target=\"_blank\" rel=\"noopener\">2000<\/a>, <a href=\"http:\/\/web.archive.org\/web\/20031221161532\/nti.uji.es\/~jordi\/\" target=\"_blank\" rel=\"noopener\">2004<\/a>.<\/p>\n","protected":false},"excerpt":{"rendered":"<p>Bienvenido\/a a mi \u00absitio profesional\u00bb en Internet. Estas p\u00e1ginas son un intento de mantener en un solo lugar publicaciones, v\u00eddeos, blog (irregular), agenda, cosas que quiero tener a mano, etc. Pero vayamos por partes. \u00bfDe qui\u00e9n demonios son est\u00e1s p\u00e1ginas? Mi nombre es Jordi Adell Segura (hay varios \u00abJordi Adell\u00bb en la Internet (\u00a1un abrazo, [&hellip;]<\/p>\n","protected":false},"author":2,"featured_media":0,"parent":0,"menu_order":2,"comment_status":"closed","ping_status":"closed","template":"","meta":{"footnotes":""},"class_list":["post-17","page","type-page","status-publish","hentry"],"jetpack_sharing_enabled":true,"jetpack_shortlink":"https:\/\/wp.me\/P74JOR-h","_links":{"self":[{"href":"https:\/\/elbonia.cent.uji.es\/jordi\/wp-json\/wp\/v2\/pages\/17","targetHints":{"allow":["GET"]}}],"collection":[{"href":"https:\/\/elbonia.cent.uji.es\/jordi\/wp-json\/wp\/v2\/pages"}],"about":[{"href":"https:\/\/elbonia.cent.uji.es\/jordi\/wp-json\/wp\/v2\/types\/page"}],"author":[{"embeddable":true,"href":"https:\/\/elbonia.cent.uji.es\/jordi\/wp-json\/wp\/v2\/users\/2"}],"replies":[{"embeddable":true,"href":"https:\/\/elbonia.cent.uji.es\/jordi\/wp-json\/wp\/v2\/comments?post=17"}],"version-history":[{"count":23,"href":"https:\/\/elbonia.cent.uji.es\/jordi\/wp-json\/wp\/v2\/pages\/17\/revisions"}],"predecessor-version":[{"id":3387,"href":"https:\/\/elbonia.cent.uji.es\/jordi\/wp-json\/wp\/v2\/pages\/17\/revisions\/3387"}],"wp:attachment":[{"href":"https:\/\/elbonia.cent.uji.es\/jordi\/wp-json\/wp\/v2\/media?parent=17"}],"curies":[{"name":"wp","href":"https:\/\/api.w.org\/{rel}","templated":true}]}}