{"id":49,"date":"2008-03-15T11:03:13","date_gmt":"2008-03-15T10:03:13","guid":{"rendered":"http:\/\/elbonia.cent.uji.es\/jordi\/el-cent\/"},"modified":"2018-12-10T13:44:57","modified_gmt":"2018-12-10T12:44:57","slug":"el-cent","status":"publish","type":"page","link":"https:\/\/elbonia.cent.uji.es\/jordi\/academia\/el-cent\/","title":{"rendered":"El CENT"},"content":{"rendered":"<p>&nbsp;<\/p>\n<h1><strong>El Centro de Educaci\u00f3n y Nuevas Tecnolog\u00edas (UJI)<\/strong><\/h1>\n<p>El <a href=\"http:\/\/cent.uji.es\/\" target=\"_blank\" rel=\"noopener\">Centro de Educaci\u00f3n y Nuevas Tecnolog\u00edas<\/a> (CENT) de la Universitat Jaume I es una unidad organizativa creada por el Consejo Social el 23 de septiembre de 2000 en virtud del at\u00edculo 29 de los Estatutos de la UJI, que regula la creaci\u00f3n de nuevos centros y otros \u00f3rganos acad\u00e9micos.<\/p>\n<p>En el <a href=\"http:\/\/www.uji.es\/projectes\/tic\/cent\/\" target=\"_blank\" rel=\"noopener\">documento<\/a> aprobado por Junta de Gobierno de 28 de octubre de 1999, tiene como misi\u00f3n propia promover la aplicaci\u00f3n de las nuevas tecnolog\u00edas de la informaci\u00f3n y la comunicaci\u00f3n a la educaci\u00f3n con el objetivo de mejorar la calidad del aprendizaje. En el <a href=\"http:\/\/cent.uji.es\/\" target=\"_blank\" rel=\"noopener\">servidor web del CENT<\/a> se explica su misi\u00f3n, actividades y proyectos, localizaci\u00f3n, instalaciones y servicios.<\/p>\n<figure id=\"attachment_1520\" aria-describedby=\"caption-attachment-1520\" style=\"width: 300px\" class=\"wp-caption alignleft\"><a href=\"http:\/\/elbonia.cent.uji.es\/jordi\/wp-content\/uploads\/2008\/03\/Captura-de-pantalla-2011-02-22-a-las-19.16.56.png\"><img loading=\"lazy\" decoding=\"async\" class=\"size-medium wp-image-1520\" title=\"El personal del CENT\" src=\"http:\/\/elbonia.cent.uji.es\/jordi\/wp-content\/uploads\/2008\/03\/Captura-de-pantalla-2011-02-22-a-las-19.16.56-300x211.png\" alt=\"\" width=\"300\" height=\"211\" srcset=\"https:\/\/elbonia.cent.uji.es\/jordi\/wp-content\/uploads\/2008\/03\/Captura-de-pantalla-2011-02-22-a-las-19.16.56-300x211.png 300w, https:\/\/elbonia.cent.uji.es\/jordi\/wp-content\/uploads\/2008\/03\/Captura-de-pantalla-2011-02-22-a-las-19.16.56.png 884w\" sizes=\"auto, (max-width: 300px) 100vw, 300px\" \/><\/a><figcaption id=\"caption-attachment-1520\" class=\"wp-caption-text\">Personal del CENT<\/figcaption><\/figure>\n<p>Pero lo m\u00e1s interesante del CENT no es lo que dicen los papeles, es la gente que trabaja en \u00e9l. Es un sitio ideal para construir conocimiento, para probar cosas, contrastarlas, elaborarlas&#8230; Pensar es m\u00e1s parecido a jugar al tenis que al front\u00f3n y el CENT es como un club de tenis: siempre hay alguien dispuesto a jugar unos sets. Toni Bellver, Carles Bellver, Suso Monforte foman el n\u00facleo inicial. M\u00e1s tarde se incopor\u00f3 Lu\u00eds L\u00f3pez, un verdadero hacker, y Puri Andr\u00e9s, nuestra arma estrat\u00e9gica para promover el uso del Aula Virtual entre el profesorado de la UJI.<\/p>\n<div class=\"mceTemp mceIEcenter\">\n<figure id=\"attachment_2285\" aria-describedby=\"caption-attachment-2285\" style=\"width: 922px\" class=\"wp-caption aligncenter\"><a href=\"http:\/\/elbonia.cent.uji.es\/jordi\/wp-content\/uploads\/2008\/03\/CENT-timeline2.png\"><img loading=\"lazy\" decoding=\"async\" class=\" wp-image-2285 \" title=\"CENT-timeline\" src=\"http:\/\/elbonia.cent.uji.es\/jordi\/wp-content\/uploads\/2008\/03\/CENT-timeline2-1024x360.png\" alt=\"\" width=\"922\" height=\"324\" srcset=\"https:\/\/elbonia.cent.uji.es\/jordi\/wp-content\/uploads\/2008\/03\/CENT-timeline2-1024x360.png 1024w, https:\/\/elbonia.cent.uji.es\/jordi\/wp-content\/uploads\/2008\/03\/CENT-timeline2-300x105.png 300w\" sizes=\"auto, (max-width: 922px) 100vw, 922px\" \/><\/a><figcaption id=\"caption-attachment-2285\" class=\"wp-caption-text\">CENT Timeline<\/figcaption><\/figure>\n<\/div>\n","protected":false},"excerpt":{"rendered":"<p>&nbsp; El Centro de Educaci\u00f3n y Nuevas Tecnolog\u00edas (UJI) El Centro de Educaci\u00f3n y Nuevas Tecnolog\u00edas (CENT) de la Universitat Jaume I es una unidad organizativa creada por el Consejo Social el 23 de septiembre de 2000 en virtud del at\u00edculo 29 de los Estatutos de la UJI, que regula la creaci\u00f3n de nuevos centros [&hellip;]<\/p>\n","protected":false},"author":2,"featured_media":0,"parent":1436,"menu_order":2,"comment_status":"closed","ping_status":"closed","template":"","meta":{"footnotes":""},"class_list":["post-49","page","type-page","status-publish","hentry"],"jetpack_sharing_enabled":true,"jetpack_shortlink":"https:\/\/wp.me\/P74JOR-N","_links":{"self":[{"href":"https:\/\/elbonia.cent.uji.es\/jordi\/wp-json\/wp\/v2\/pages\/49","targetHints":{"allow":["GET"]}}],"collection":[{"href":"https:\/\/elbonia.cent.uji.es\/jordi\/wp-json\/wp\/v2\/pages"}],"about":[{"href":"https:\/\/elbonia.cent.uji.es\/jordi\/wp-json\/wp\/v2\/types\/page"}],"author":[{"embeddable":true,"href":"https:\/\/elbonia.cent.uji.es\/jordi\/wp-json\/wp\/v2\/users\/2"}],"replies":[{"embeddable":true,"href":"https:\/\/elbonia.cent.uji.es\/jordi\/wp-json\/wp\/v2\/comments?post=49"}],"version-history":[{"count":13,"href":"https:\/\/elbonia.cent.uji.es\/jordi\/wp-json\/wp\/v2\/pages\/49\/revisions"}],"predecessor-version":[{"id":3388,"href":"https:\/\/elbonia.cent.uji.es\/jordi\/wp-json\/wp\/v2\/pages\/49\/revisions\/3388"}],"up":[{"embeddable":true,"href":"https:\/\/elbonia.cent.uji.es\/jordi\/wp-json\/wp\/v2\/pages\/1436"}],"wp:attachment":[{"href":"https:\/\/elbonia.cent.uji.es\/jordi\/wp-json\/wp\/v2\/media?parent=49"}],"curies":[{"name":"wp","href":"https:\/\/api.w.org\/{rel}","templated":true}]}}